{"id":6,"date":"2015-04-30T11:52:17","date_gmt":"2015-04-30T09:52:17","guid":{"rendered":"http:\/\/lindevangen.dk\/?page_id=6"},"modified":"2024-03-20T13:47:30","modified_gmt":"2024-03-20T12:47:30","slug":"forsiden","status":"publish","type":"page","link":"https:\/\/www.lindevangen.dk\/","title":{"rendered":""},"content":{"rendered":"<div class=\"wpb-content-wrapper\">[vc_row][vc_column][vc_column_text]<a href=\"https:\/\/lindevangen.dk\/wp-content\/uploads\/2015\/07\/20150108TB_Herberger13.jpg\"><img loading=\"lazy\" decoding=\"async\" class=\"alignnone wp-image-361 size-full\" src=\"https:\/\/www.lindevangen.dk\/wp-content\/uploads\/2015\/07\/20150108TB_Herberger13.jpg\" alt=\"Herberget Lindevangen\" width=\"1200\" height=\"500\" srcset=\"https:\/\/www.lindevangen.dk\/wp-content\/uploads\/2015\/07\/20150108TB_Herberger13.jpg 1200w, https:\/\/www.lindevangen.dk\/wp-content\/uploads\/2015\/07\/20150108TB_Herberger13-300x125.jpg 300w, https:\/\/www.lindevangen.dk\/wp-content\/uploads\/2015\/07\/20150108TB_Herberger13-1024x427.jpg 1024w\" sizes=\"auto, (max-width: 1200px) 100vw, 1200px\" \/><\/a>[\/vc_column_text][\/vc_column][\/vc_row][vc_row][vc_column width=&#8221;1\/3&#8243; margin_top=&#8221;0&#8243; margin_bottom=&#8221;0&#8243; padding_left=&#8221;0&#8243; padding_right=&#8221;0&#8243; padding_top=&#8221;0&#8243; padding_bottom=&#8221;0&#8243;][vc_column_text]<strong>Herberget Lindevangen<\/strong><br \/>\nHerberget er et midlertidigt botilbud for hjeml\u00f8se med andre personlige og sociale problemer \u2013\u00a0dog ikke misbrug eller ubehandlede psykiske lidelser. Herberget har 26 v\u00e6relser i forskellig st\u00f8rrelser. Her bor b\u00e5de m\u00e6nd og kvinder, enlig og par &#8211; med og uden b\u00f8rn.<\/p>\n<p>Hvis du \u00f8nsker at komme i betragtning til et v\u00e6relse, skal du kontakte Herberget. Du kan enten ringe p\u00e5 tlf. 38 86 40 61 eller sende en mail p\u00e5 sikkermail@lindevangen.dk.<\/p>\n<p>Der er i \u00f8jeblikket ingen ledige v\u00e6relser.<\/p>\n<p>Lindevangen har ogs\u00e5 en r\u00e6kke s\u00e6rlige tilbud for unge mellem 18-30 \u00e5r. Bost\u00f8tten er Lindevangens udg\u00e5ende team, som yder st\u00f8tte i hverdagen til beboere, der flytter i egen bolig.[\/vc_column_text][\/vc_column][vc_column width=&#8221;1\/3&#8243; margin_top=&#8221;0&#8243; margin_bottom=&#8221;0&#8243; padding_top=&#8221;0&#8243; padding_bottom=&#8221;0&#8243; padding_left=&#8221;0&#8243; padding_right=&#8221;0&#8243;][vc_column_text]<strong>Herberget Lindevangen er en del af<br \/>\n<\/strong><a href=\"http:\/\/herfred.dk\/\" target=\"_blank\" rel=\"noopener\">Herbergerne p\u00e5 Frederiksberg<\/a><\/p>\n<p><strong>Andre tilbud<\/strong><br \/>\nDer findes f\u00f8lgende andre tilbud til hjeml\u00f8se:<br \/>\n<a href=\"http:\/\/herfred.dk\/?page_id=174\" target=\"_blank\" rel=\"noopener\">Herberger i K\u00f8benhavnsomr\u00e5det<\/a><br \/>\n<a href=\"http:\/\/herfred.dk\/?page_id=177\" target=\"_blank\" rel=\"noopener\">Natvarmestuer<\/a><br \/>\n<a href=\"http:\/\/herfred.dk\/?page_id=180\" target=\"_blank\" rel=\"noopener\">V\u00e6resteder<\/a><br \/>\n<a href=\"http:\/\/herfred.dk\/?page_id=183\" target=\"_blank\" rel=\"noopener\">Gratis eller billig mad<\/a><br \/>\n<a href=\"http:\/\/herfred.dk\/?page_id=186\" target=\"_blank\" rel=\"noopener\">Hus Forbi<\/a><br \/>\n<a href=\"http:\/\/herfred.dk\/?page_id=189\" target=\"_blank\" rel=\"noopener\">Forening for hjeml\u00f8se<\/a>[\/vc_column_text][\/vc_column][vc_column width=&#8221;1\/3&#8243; typo_style=&#8221;light&#8221; bg_color=&#8221;#05568c&#8221; margin_top=&#8221;5&#8243; margin_bottom=&#8221;50&#8243; padding_top=&#8221;20&#8243; padding_bottom=&#8221;30&#8243; padding_left=&#8221;25&#8243; padding_right=&#8221;20&#8243; min_height=&#8221;25&#8243;][vc_column_text]Vi tror p\u00e5, at alle mennesker har ressourcer og kan skabe positive forandringer i deres liv med en helhedsorienteret st\u00f8tte samt et konstruktivt modspil.[\/vc_column_text][\/vc_column][\/vc_row][vc_row][vc_column][\/vc_column][\/vc_row]\n<\/div>","protected":false},"excerpt":{"rendered":"<p>[vc_row][vc_column][vc_column_text][\/vc_column_text][\/vc_column][\/vc_row][vc_row][vc_column width=&#8221;1\/3&#8243; margin_top=&#8221;0&#8243; margin_bottom=&#8221;0&#8243; padding_left=&#8221;0&#8243; padding_right=&#8221;0&#8243; padding_top=&#8221;0&#8243; padding_bottom=&#8221;0&#8243;][vc_column_text]Herberget Lindevangen Herberget er et midlertidigt botilbud for hjeml\u00f8se med andre personlige og sociale problemer \u2013\u00a0dog ikke misbrug eller ubehandlede psykiske lidelser. Herberget har 26 v\u00e6relser i forskellig st\u00f8rrelser. Her bor b\u00e5de m\u00e6nd&hellip;<\/p>\n","protected":false},"author":2,"featured_media":0,"parent":0,"menu_order":0,"comment_status":"open","ping_status":"open","template":"","meta":{"footnotes":""},"class_list":["post-6","page","type-page","status-publish","hentry"],"_links":{"self":[{"href":"https:\/\/www.lindevangen.dk\/index.php?rest_route=\/wp\/v2\/pages\/6","targetHints":{"allow":["GET"]}}],"collection":[{"href":"https:\/\/www.lindevangen.dk\/index.php?rest_route=\/wp\/v2\/pages"}],"about":[{"href":"https:\/\/www.lindevangen.dk\/index.php?rest_route=\/wp\/v2\/types\/page"}],"author":[{"embeddable":true,"href":"https:\/\/www.lindevangen.dk\/index.php?rest_route=\/wp\/v2\/users\/2"}],"replies":[{"embeddable":true,"href":"https:\/\/www.lindevangen.dk\/index.php?rest_route=%2Fwp%2Fv2%2Fcomments&post=6"}],"version-history":[{"count":89,"href":"https:\/\/www.lindevangen.dk\/index.php?rest_route=\/wp\/v2\/pages\/6\/revisions"}],"predecessor-version":[{"id":28411,"href":"https:\/\/www.lindevangen.dk\/index.php?rest_route=\/wp\/v2\/pages\/6\/revisions\/28411"}],"wp:attachment":[{"href":"https:\/\/www.lindevangen.dk\/index.php?rest_route=%2Fwp%2Fv2%2Fmedia&parent=6"}],"curies":[{"name":"wp","href":"https:\/\/api.w.org\/{rel}","templated":true}]}}