{"id":553,"date":"2016-04-28T12:07:03","date_gmt":"2016-04-28T10:07:03","guid":{"rendered":"http:\/\/lindevangen.dk\/?page_id=553"},"modified":"2026-03-03T13:31:04","modified_gmt":"2026-03-03T12:31:04","slug":"statistik","status":"publish","type":"page","link":"https:\/\/www.lindevangen.dk\/?page_id=553","title":{"rendered":"Statistik og rapporter"},"content":{"rendered":"<div class=\"wpb-content-wrapper\">[vc_row][vc_column][vc_column_text]\n<h1>Tilsynsrapporter<\/h1>\n<p><a href=\"https:\/\/www.lindevangen.dk\/wp-content\/uploads\/2026\/03\/Tilsynsrapport-01-12-2025-Lindevangen.pdf\">Tilsynsrapport 2025<\/a><\/p>\n<p><a href=\"https:\/\/www.lindevangen.dk\/wp-content\/uploads\/2025\/05\/Tilsynsrapport-Lindevangen-2024.pdf\">Tilsynsrapport 2024<\/a><\/p>\n<p><a href=\"http:\/\/www.lindevangen.dk\/wp-content\/uploads\/2024\/02\/Tilsynsrapport-30.10.2023-Lindevangen-rapport.pdf\">Tilsynsrapport 2023<\/a><\/p>\n<p><a href=\"http:\/\/www.lindevangen.dk\/wp-content\/uploads\/2022\/12\/Tilsynsrapport-LV-09-09-2022.pdf\">Tilsynsrapport 2022<\/a><\/p>\n<h1>\u00c5rsstatistik<\/h1>\n<h2>2025<\/h2>\n<p><a href=\"https:\/\/www.lindevangen.dk\/wp-content\/uploads\/2026\/03\/Aarsstatistik_Lindevangen_2025.pdf\">\u00c5rsstatistik Lindevangen 2025<\/a><\/p>\n<p><a href=\"https:\/\/www.lindevangen.dk\/wp-content\/uploads\/2026\/03\/Aarsstatistik_Akutboliger_2025.pdf\">\u00c5rsstatistik Akutboliger for unge 2025<\/a><\/p>\n<h2>2024<\/h2>\n<p><a href=\"https:\/\/www.lindevangen.dk\/wp-content\/uploads\/2025\/05\/Aarsstatistik-2024-Lindevangen.pdf\">\u00c5rsstatistik Lindevangen 2024<\/a><\/p>\n<p><a href=\"https:\/\/www.lindevangen.dk\/wp-content\/uploads\/2025\/05\/Aarsstatistik-2024-Akut.pdf\">\u00c5rsstatistik Akutboliger for unge 2024<\/a><\/p>\n<h2>2023<\/h2>\n<p><a href=\"http:\/\/www.lindevangen.dk\/wp-content\/uploads\/2024\/03\/Statistik-2023-Lindevangen.pdf\">\u00c5rsstatistik Lindevangen 2023<\/a><\/p>\n<p><a href=\"http:\/\/www.lindevangen.dk\/wp-content\/uploads\/2024\/03\/Statistik-2023-Akutboliger-for-Unge.pdf\">\u00c5rsstatistik Akutboliger for unge 2023<\/a><\/p>\n<h2>2022<\/h2>\n<p><a href=\"http:\/\/www.lindevangen.dk\/wp-content\/uploads\/2023\/03\/Lindevangen-Statistik-2022.pdf\">\u00c5rsstatistik Lindevangen 2022<\/a><\/p>\n<p><a href=\"http:\/\/www.lindevangen.dk\/wp-content\/uploads\/2023\/03\/Statistik-Akutboliger-for-Unge-2022-.pdf\">\u00c5rsstatistik Akutboliger for unge 2022<\/a><\/p>\n[\/vc_column_text][\/vc_column][\/vc_row]\n<\/div>","protected":false},"excerpt":{"rendered":"<p>[vc_row][vc_column][vc_column_text] Tilsynsrapporter Tilsynsrapport 2025 Tilsynsrapport 2024 Tilsynsrapport 2023 Tilsynsrapport 2022 \u00c5rsstatistik 2025 \u00c5rsstatistik Lindevangen 2025 \u00c5rsstatistik Akutboliger for unge 2025 2024 \u00c5rsstatistik Lindevangen 2024 \u00c5rsstatistik Akutboliger for unge 2024 2023 \u00c5rsstatistik Lindevangen 2023 \u00c5rsstatistik Akutboliger for unge 2023 2022 \u00c5rsstatistik&hellip;<\/p>\n","protected":false},"author":5,"featured_media":0,"parent":346,"menu_order":0,"comment_status":"open","ping_status":"open","template":"","meta":{"footnotes":""},"class_list":["post-553","page","type-page","status-publish","hentry"],"_links":{"self":[{"href":"https:\/\/www.lindevangen.dk\/index.php?rest_route=\/wp\/v2\/pages\/553","targetHints":{"allow":["GET"]}}],"collection":[{"href":"https:\/\/www.lindevangen.dk\/index.php?rest_route=\/wp\/v2\/pages"}],"about":[{"href":"https:\/\/www.lindevangen.dk\/index.php?rest_route=\/wp\/v2\/types\/page"}],"author":[{"embeddable":true,"href":"https:\/\/www.lindevangen.dk\/index.php?rest_route=\/wp\/v2\/users\/5"}],"replies":[{"embeddable":true,"href":"https:\/\/www.lindevangen.dk\/index.php?rest_route=%2Fwp%2Fv2%2Fcomments&post=553"}],"version-history":[{"count":57,"href":"https:\/\/www.lindevangen.dk\/index.php?rest_route=\/wp\/v2\/pages\/553\/revisions"}],"predecessor-version":[{"id":28465,"href":"https:\/\/www.lindevangen.dk\/index.php?rest_route=\/wp\/v2\/pages\/553\/revisions\/28465"}],"up":[{"embeddable":true,"href":"https:\/\/www.lindevangen.dk\/index.php?rest_route=\/wp\/v2\/pages\/346"}],"wp:attachment":[{"href":"https:\/\/www.lindevangen.dk\/index.php?rest_route=%2Fwp%2Fv2%2Fmedia&parent=553"}],"curies":[{"name":"wp","href":"https:\/\/api.w.org\/{rel}","templated":true}]}}