{"id":477,"date":"2015-10-02T01:05:40","date_gmt":"2015-10-01T23:05:40","guid":{"rendered":"http:\/\/lindevangen.dk\/?page_id=477"},"modified":"2023-10-30T09:52:47","modified_gmt":"2023-10-30T08:52:47","slug":"ledige-stillinger","status":"publish","type":"page","link":"https:\/\/www.lindevangen.dk\/?page_id=477","title":{"rendered":"Ledige stillinger"},"content":{"rendered":"<div class=\"wpb-content-wrapper\">[vc_row][vc_column][vc_column_text][vc_row][vc_column width=&#8221;1\/1&#8243;][vc_column_text][vc_column_text][\/vc_column][\/vc_row]\n<h3>Alle ledige stillinger p\u00e5 herberget Lindevangen bliver publiceret her:<\/h3>\n<p>Vi har pt. ingen ledige stillinger &#8211; se nedenfor.<\/p>\n<p>&nbsp;<\/p>\n<h3>Har vi ikke sl\u00e5et den rigtige stilling op til dig, er du velkommen til at s\u00f8ge uopfordret &#8211; tryk p\u00e5 linket nedenfor:<\/h3>\n<p><a href=\"https:\/\/candidate.hr-manager.net\/ApplicationForm\/SinglePageApplicationForm.aspx?cid=1862&amp;departmentId=18981&amp;ProjectId=143578&amp;MediaId=5\">Uopfordret ans\u00f8gning<\/a><\/p>\n<p>&nbsp;<\/p>\n<p>&nbsp;<\/p>\n<p>&nbsp;<\/p>\n<\/div>","protected":false},"excerpt":{"rendered":"<p>[vc_row][vc_column][vc_column_text][vc_row][vc_column width=&#8221;1\/1&#8243;][vc_column_text][vc_column_text][\/vc_column][\/vc_row] Alle ledige stillinger p\u00e5 herberget Lindevangen bliver publiceret her: Vi har pt. ingen ledige stillinger &#8211; se nedenfor. &nbsp; Har vi ikke sl\u00e5et den rigtige stilling op til dig, er du velkommen til at s\u00f8ge uopfordret &#8211; tryk&hellip;<\/p>\n","protected":false},"author":3,"featured_media":0,"parent":346,"menu_order":5,"comment_status":"open","ping_status":"open","template":"","meta":{"footnotes":""},"class_list":["post-477","page","type-page","status-publish","hentry"],"_links":{"self":[{"href":"https:\/\/www.lindevangen.dk\/index.php?rest_route=\/wp\/v2\/pages\/477","targetHints":{"allow":["GET"]}}],"collection":[{"href":"https:\/\/www.lindevangen.dk\/index.php?rest_route=\/wp\/v2\/pages"}],"about":[{"href":"https:\/\/www.lindevangen.dk\/index.php?rest_route=\/wp\/v2\/types\/page"}],"author":[{"embeddable":true,"href":"https:\/\/www.lindevangen.dk\/index.php?rest_route=\/wp\/v2\/users\/3"}],"replies":[{"embeddable":true,"href":"https:\/\/www.lindevangen.dk\/index.php?rest_route=%2Fwp%2Fv2%2Fcomments&post=477"}],"version-history":[{"count":52,"href":"https:\/\/www.lindevangen.dk\/index.php?rest_route=\/wp\/v2\/pages\/477\/revisions"}],"predecessor-version":[{"id":1391,"href":"https:\/\/www.lindevangen.dk\/index.php?rest_route=\/wp\/v2\/pages\/477\/revisions\/1391"}],"up":[{"embeddable":true,"href":"https:\/\/www.lindevangen.dk\/index.php?rest_route=\/wp\/v2\/pages\/346"}],"wp:attachment":[{"href":"https:\/\/www.lindevangen.dk\/index.php?rest_route=%2Fwp%2Fv2%2Fmedia&parent=477"}],"curies":[{"name":"wp","href":"https:\/\/api.w.org\/{rel}","templated":true}]}}