{"id":42,"date":"2015-05-11T11:33:32","date_gmt":"2015-05-11T09:33:32","guid":{"rendered":"http:\/\/lindevangen.dk\/?page_id=42"},"modified":"2024-03-25T15:18:43","modified_gmt":"2024-03-25T14:18:43","slug":"husregler","status":"publish","type":"page","link":"https:\/\/www.lindevangen.dk\/?page_id=42","title":{"rendered":"Husregler og praktiske oplysninger"},"content":{"rendered":"<div class=\"wpb-content-wrapper\">[vc_row full_width=&#8221;&#8221; parallax=&#8221;&#8221; parallax_image=&#8221;&#8221; visibility=&#8221;&#8221; css_animation=&#8221;&#8221; center_row=&#8221;&#8221; typography_style=&#8221;&#8221; column_spacing=&#8221;&#8221; tablet_fullwidth_cols=&#8221;&#8221; bg_style=&#8221;&#8221; parallax_mobile=&#8221;&#8221; parallax_style=&#8221;&#8221; parallax_direction=&#8221;&#8221; video_bg=&#8221;&#8221; video_bg_overlay=&#8221;&#8221; border_style=&#8221;&#8221;][vc_column width=&#8221;1\/1&#8243; style=&#8221;&#8221; visibility=&#8221;&#8221; css_animation=&#8221;&#8221; typo_style=&#8221;&#8221; drop_shadow=&#8221;&#8221; bg_style=&#8221;&#8221; border_style=&#8221;&#8221;][vc_column_text]Lindevangen er et hus med mange forskellige mennesker. Derfor er det n\u00f8dvendigt med visse regler, som sikrer, at alle kan have det godt, mens de bor her.<\/p>\n<p>Da det er et gammelt hus, kan man h\u00f8re st\u00f8j meget tydeligt gennem v\u00e6ggene. Vis derfor hensyn til dine naboer og til omgivelserne i \u00f8vrigt.<\/p>\n<p>H\u00e6rv\u00e6rk, vold, trusler om vold, racistiske udsagn samt tyveri tolereres ikke p\u00e5 Lindevangen.<\/p>\n<p><strong>Alkohol og stoffer<\/strong><br \/>\nDet er forbudt at indtage alkohol eller stoffer p\u00e5 Lindevangen. Det kan medf\u00f8re \u00f8jeblikkelig udskrivning. V\u00e5ben og noget, der kan bruges som v\u00e5ben, er ogs\u00e5 strengt forbudt.<\/p>\n<p>Rygning er\u00a0IKKE tilladt p\u00e5 eget v\u00e6relse og kun p\u00e5 et afgr\u00e6nset omr\u00e5de udenfor.<\/p>\n<p><strong>Brandsikkerhed<\/strong><br \/>\nStearinlys, kaffemaskiner, elkedler og lignende er forbudt p\u00e5 v\u00e6relserne p\u00e5 grund af brandrisiko.<\/p>\n<p>Lyder brandalarmen skal alle beboere straks forlade deres v\u00e6relser, m\u00f8des uden for Lindevangen og afvente personalets eller brandv\u00e6senets melding.<\/p>\n<p>Det er vigtigt, at brandalarmen bliver taget alvorligt hver gang.<\/p>\n<p>Der er brandt\u00e6pper i k\u00f8kkenet og anneks-k\u00f8kkenet samt brandslukkere p\u00e5 hver etage, i annekset, k\u00f8kkenet, caf\u00e9en, ved tv-stuen i k\u00e6lderen og i gangen ved motionsrummet.<\/p>\n<p>Ved hovedd\u00f8rene og trapperne er en brandalarm. N\u00e5r brandalarmen bliver aktiveret, sendes der direkte besked til brandv\u00e6senet.<\/p>\n<p><strong>B\u00f8rnepasning<\/strong><br \/>\nHvis en for\u00e6lder har behov for at f\u00e5 passet sit barn af en anden beboer, skal dette aftales med kontoret f\u00f8rst. Vi skal vide, hvor for\u00e6lderen er, hvorn\u00e5r vedkommende kommer tilbage, og hvem der er ansvarlig for barnet i det aftalte tidsrum.<\/p>\n<p><strong>Gaver<\/strong><br \/>\nDet er ikke tilladt for personalet at modtage gaver fra beboerne.<\/p>\n<p><strong>Parkering<\/strong><br \/>\nDu har mulighed for at parkere p\u00e5 Lindevangens parkeringspladser l\u00f8rdag kl. 07 til mandag kl. 07.<\/p>\n<p><strong>V\u00e6relsestjek<\/strong><br \/>\nHver tirsdag formiddag g\u00e5r to medarbejderne en runde i huset og tjekker alle v\u00e6relserne. Vi banker p\u00e5, og hvis der ikke bliver \u00e5bnet, lukker vi op og ser ind i v\u00e6relset. Form\u00e5let er dels at sikre, at du har det godt, dels at tjekke, at v\u00e6relset er hygiejnisk forsvarligt.[\/vc_column_text][\/vc_column][\/vc_row]\n<\/div>","protected":false},"excerpt":{"rendered":"<p>[vc_row full_width=&#8221;&#8221; parallax=&#8221;&#8221; parallax_image=&#8221;&#8221; visibility=&#8221;&#8221; css_animation=&#8221;&#8221; center_row=&#8221;&#8221; typography_style=&#8221;&#8221; column_spacing=&#8221;&#8221; tablet_fullwidth_cols=&#8221;&#8221; bg_style=&#8221;&#8221; parallax_mobile=&#8221;&#8221; parallax_style=&#8221;&#8221; parallax_direction=&#8221;&#8221; video_bg=&#8221;&#8221; video_bg_overlay=&#8221;&#8221; border_style=&#8221;&#8221;][vc_column width=&#8221;1\/1&#8243; style=&#8221;&#8221; visibility=&#8221;&#8221; css_animation=&#8221;&#8221; typo_style=&#8221;&#8221; drop_shadow=&#8221;&#8221; bg_style=&#8221;&#8221; border_style=&#8221;&#8221;][vc_column_text]Lindevangen er et hus med mange forskellige mennesker. Derfor er det n\u00f8dvendigt med visse regler, som&hellip;<\/p>\n","protected":false},"author":2,"featured_media":0,"parent":8,"menu_order":4,"comment_status":"closed","ping_status":"closed","template":"","meta":{"footnotes":""},"class_list":["post-42","page","type-page","status-publish","hentry"],"_links":{"self":[{"href":"https:\/\/www.lindevangen.dk\/index.php?rest_route=\/wp\/v2\/pages\/42","targetHints":{"allow":["GET"]}}],"collection":[{"href":"https:\/\/www.lindevangen.dk\/index.php?rest_route=\/wp\/v2\/pages"}],"about":[{"href":"https:\/\/www.lindevangen.dk\/index.php?rest_route=\/wp\/v2\/types\/page"}],"author":[{"embeddable":true,"href":"https:\/\/www.lindevangen.dk\/index.php?rest_route=\/wp\/v2\/users\/2"}],"replies":[{"embeddable":true,"href":"https:\/\/www.lindevangen.dk\/index.php?rest_route=%2Fwp%2Fv2%2Fcomments&post=42"}],"version-history":[{"count":20,"href":"https:\/\/www.lindevangen.dk\/index.php?rest_route=\/wp\/v2\/pages\/42\/revisions"}],"predecessor-version":[{"id":28419,"href":"https:\/\/www.lindevangen.dk\/index.php?rest_route=\/wp\/v2\/pages\/42\/revisions\/28419"}],"up":[{"embeddable":true,"href":"https:\/\/www.lindevangen.dk\/index.php?rest_route=\/wp\/v2\/pages\/8"}],"wp:attachment":[{"href":"https:\/\/www.lindevangen.dk\/index.php?rest_route=%2Fwp%2Fv2%2Fmedia&parent=42"}],"curies":[{"name":"wp","href":"https:\/\/api.w.org\/{rel}","templated":true}]}}