{"id":38,"date":"2015-05-11T11:33:02","date_gmt":"2015-05-11T09:33:02","guid":{"rendered":"http:\/\/lindevangen.dk\/?page_id=38"},"modified":"2016-04-20T15:27:07","modified_gmt":"2016-04-20T13:27:07","slug":"tilbud-under-opholdet","status":"publish","type":"page","link":"https:\/\/www.lindevangen.dk\/?page_id=38","title":{"rendered":"Tilbud under opholdet"},"content":{"rendered":"<div class=\"wpb-content-wrapper\">[vc_row full_width=&#8221;&#8221; parallax=&#8221;&#8221; parallax_image=&#8221;&#8221; visibility=&#8221;&#8221; css_animation=&#8221;&#8221; center_row=&#8221;&#8221; typography_style=&#8221;&#8221; column_spacing=&#8221;&#8221; tablet_fullwidth_cols=&#8221;&#8221; bg_style=&#8221;&#8221; parallax_mobile=&#8221;&#8221; parallax_style=&#8221;&#8221; parallax_direction=&#8221;&#8221; video_bg=&#8221;&#8221; video_bg_overlay=&#8221;&#8221; border_style=&#8221;&#8221;][vc_column width=&#8221;1\/1&#8243; style=&#8221;&#8221; visibility=&#8221;&#8221; css_animation=&#8221;&#8221; typo_style=&#8221;&#8221; drop_shadow=&#8221;&#8221; bg_style=&#8221;&#8221; border_style=&#8221;&#8221;][vc_column_text]Et par dage efter, du er flyttet ind p\u00e5 Lindevangen, f\u00e5r du tildelt en kontaktperson, som du samarbejder med om at n\u00e5 dine m\u00e5l for opholdet. Sammen udarbejder I en <strong>opholdsplan<\/strong>. Form\u00e5let med <strong>opholdsplanen<\/strong> er at afklare og koordinere, hvad der skal samarbejdes om under dit ophold.<\/p>\n<p>Samarbejdet kan best\u00e5 af personlige, st\u00f8ttende samtaler samt hj\u00e6lp til eksempelvis at:<\/p>\n<ul>\n<li>s\u00f8ge og blive skrevet op til en bolig<\/li>\n<li>etablere eller fastholde samkvem med b\u00f8rn<\/li>\n<li>kontakte og samarbejde med fx hospital, egen l\u00e6ge, daginstitution, skole, Udl\u00e6ndingeservice eller andre.<\/li>\n<li>f\u00e5 overblik over \u00f8konomi og l\u00e6gge et budget.<\/li>\n<\/ul>\n<p>Herberget har ogs\u00e5 en socialr\u00e5dgiver, som kan vejlede og st\u00f8tte i forhold til kommune, statsforvaltning m.m. Alle medarbejderne har tavshedspligt.<\/p>\n<p>Du har mulighed for at skifte til en anden kontaktperson, hvis jeres samarbejde ikke fungerer.<\/p>\n<p>N\u00e5r du bliver indskrevet p\u00e5 herberget, f\u00e5r du oprettet en journal, som du selv har adgang til at l\u00e6se. Hvis du har kommentarer til det, der st\u00e5r, bliver de ogs\u00e5 noteret i journalen.<\/p>\n<p>Lindevangen vil\u00a0i den f\u00f8rste m\u00e5ned, du bor her, tilbyde dig at indkalde til et koordinerende m\u00f8de med\u00a0de samarbejdspartnere, der er involveret i din situation. Form\u00e5let med m\u00f8det er, at din sagsbehandleren kan udarbejde en social handleplan for dig \u2013\u00a0en s\u00e5kaldt \u00a7141-handleplan.[\/vc_column_text][\/vc_column][\/vc_row]\n<\/div>","protected":false},"excerpt":{"rendered":"<p>[vc_row full_width=&#8221;&#8221; parallax=&#8221;&#8221; parallax_image=&#8221;&#8221; visibility=&#8221;&#8221; css_animation=&#8221;&#8221; center_row=&#8221;&#8221; typography_style=&#8221;&#8221; column_spacing=&#8221;&#8221; tablet_fullwidth_cols=&#8221;&#8221; bg_style=&#8221;&#8221; parallax_mobile=&#8221;&#8221; parallax_style=&#8221;&#8221; parallax_direction=&#8221;&#8221; video_bg=&#8221;&#8221; video_bg_overlay=&#8221;&#8221; border_style=&#8221;&#8221;][vc_column width=&#8221;1\/1&#8243; style=&#8221;&#8221; visibility=&#8221;&#8221; css_animation=&#8221;&#8221; typo_style=&#8221;&#8221; drop_shadow=&#8221;&#8221; bg_style=&#8221;&#8221; border_style=&#8221;&#8221;][vc_column_text]Et par dage efter, du er flyttet ind p\u00e5 Lindevangen, f\u00e5r du tildelt en kontaktperson, som&hellip;<\/p>\n","protected":false},"author":2,"featured_media":0,"parent":8,"menu_order":3,"comment_status":"closed","ping_status":"closed","template":"","meta":{"footnotes":""},"class_list":["post-38","page","type-page","status-publish","hentry"],"_links":{"self":[{"href":"https:\/\/www.lindevangen.dk\/index.php?rest_route=\/wp\/v2\/pages\/38","targetHints":{"allow":["GET"]}}],"collection":[{"href":"https:\/\/www.lindevangen.dk\/index.php?rest_route=\/wp\/v2\/pages"}],"about":[{"href":"https:\/\/www.lindevangen.dk\/index.php?rest_route=\/wp\/v2\/types\/page"}],"author":[{"embeddable":true,"href":"https:\/\/www.lindevangen.dk\/index.php?rest_route=\/wp\/v2\/users\/2"}],"replies":[{"embeddable":true,"href":"https:\/\/www.lindevangen.dk\/index.php?rest_route=%2Fwp%2Fv2%2Fcomments&post=38"}],"version-history":[{"count":13,"href":"https:\/\/www.lindevangen.dk\/index.php?rest_route=\/wp\/v2\/pages\/38\/revisions"}],"predecessor-version":[{"id":545,"href":"https:\/\/www.lindevangen.dk\/index.php?rest_route=\/wp\/v2\/pages\/38\/revisions\/545"}],"up":[{"embeddable":true,"href":"https:\/\/www.lindevangen.dk\/index.php?rest_route=\/wp\/v2\/pages\/8"}],"wp:attachment":[{"href":"https:\/\/www.lindevangen.dk\/index.php?rest_route=%2Fwp%2Fv2%2Fmedia&parent=38"}],"curies":[{"name":"wp","href":"https:\/\/api.w.org\/{rel}","templated":true}]}}