{"id":36,"date":"2015-05-11T11:32:50","date_gmt":"2015-05-11T09:32:50","guid":{"rendered":"http:\/\/lindevangen.dk\/?page_id=36"},"modified":"2017-11-16T10:50:22","modified_gmt":"2017-11-16T09:50:22","slug":"plads-lindevangen","status":"publish","type":"page","link":"https:\/\/www.lindevangen.dk\/?page_id=36","title":{"rendered":"S\u00e5dan f\u00e5r du plads"},"content":{"rendered":"<div class=\"wpb-content-wrapper\">[vc_row][vc_column][vc_column_text]Herbergets m\u00e5lgruppe er hjeml\u00f8se med andre personlige og sociale problemer. Herberget kan ogs\u00e5 huse enlige for\u00e6ldre, samkvemsfor\u00e6ldre eller par med b\u00f8rn. Derfor kan vi ikke tage imod hjeml\u00f8se med misbrug eller ubehandlede psykiske lidelser.<\/p>\n<p>Hvis du \u00f8nsker at komme i betragtning til et v\u00e6relse, skal du kontakte Herberget. Du kan enten ringe p\u00e5 tlf. 38 86 40 61 eller sende en mail p\u00e5 post@lindevangen.dk.<\/p>\n<p>F\u00f8r du kan flytte ind, kommer du til en samtale. Her vil du f\u00f8rst blive informeret om husets rammer og p\u00e6dagogiske tilbud. Derefter kan du fort\u00e6lle om din situation.<\/p>\n<p>Hvis vi ikke umiddelbart kan tilbyde dig en plads, pr\u00f8ver vi at hj\u00e6lpe dig videre p\u00e5 anden vis \u2013\u00a0fx til et andet botilbud.<\/p>\n<p>Lindevangen tilbyder dig et sted at bo midlertidigt. I gennemsnit bor beboerne her i cirka fem m\u00e5neder, men det kan variere meget \u2013\u00a0afh\u00e6ngig af b\u00e5de dine personlige forhold og mulighederne for at finde en bolig. Vi giver dig ogs\u00e5 st\u00f8tte og r\u00e5dgivning i forhold til dine \u00f8vrige problemer. Derfor kan du kun flytte ind, hvis du er klar til at samarbejde med personalet om at skabe positive \u00e6ndringer og komme videre.<\/p>\n<p>Vi kr\u00e6ver ogs\u00e5, at du er skrevet op i et boligselskab\u00a0samt arbejder aktivt\u00a0med at finde bolig, mens du er her. Det er der altid medarbejdere, som vil kunne hj\u00e6lpe dig med.<\/p>\n<p>&nbsp;[\/vc_column_text][\/vc_column][\/vc_row]\n<\/div>","protected":false},"excerpt":{"rendered":"<p>[vc_row][vc_column][vc_column_text]Herbergets m\u00e5lgruppe er hjeml\u00f8se med andre personlige og sociale problemer. Herberget kan ogs\u00e5 huse enlige for\u00e6ldre, samkvemsfor\u00e6ldre eller par med b\u00f8rn. Derfor kan vi ikke tage imod hjeml\u00f8se med misbrug eller ubehandlede psykiske lidelser. Hvis du \u00f8nsker at komme i&hellip;<\/p>\n","protected":false},"author":2,"featured_media":0,"parent":8,"menu_order":1,"comment_status":"closed","ping_status":"closed","template":"","meta":{"footnotes":""},"class_list":["post-36","page","type-page","status-publish","hentry"],"_links":{"self":[{"href":"https:\/\/www.lindevangen.dk\/index.php?rest_route=\/wp\/v2\/pages\/36","targetHints":{"allow":["GET"]}}],"collection":[{"href":"https:\/\/www.lindevangen.dk\/index.php?rest_route=\/wp\/v2\/pages"}],"about":[{"href":"https:\/\/www.lindevangen.dk\/index.php?rest_route=\/wp\/v2\/types\/page"}],"author":[{"embeddable":true,"href":"https:\/\/www.lindevangen.dk\/index.php?rest_route=\/wp\/v2\/users\/2"}],"replies":[{"embeddable":true,"href":"https:\/\/www.lindevangen.dk\/index.php?rest_route=%2Fwp%2Fv2%2Fcomments&post=36"}],"version-history":[{"count":11,"href":"https:\/\/www.lindevangen.dk\/index.php?rest_route=\/wp\/v2\/pages\/36\/revisions"}],"predecessor-version":[{"id":626,"href":"https:\/\/www.lindevangen.dk\/index.php?rest_route=\/wp\/v2\/pages\/36\/revisions\/626"}],"up":[{"embeddable":true,"href":"https:\/\/www.lindevangen.dk\/index.php?rest_route=\/wp\/v2\/pages\/8"}],"wp:attachment":[{"href":"https:\/\/www.lindevangen.dk\/index.php?rest_route=%2Fwp%2Fv2%2Fmedia&parent=36"}],"curies":[{"name":"wp","href":"https:\/\/api.w.org\/{rel}","templated":true}]}}