{"id":354,"date":"2015-07-25T17:56:27","date_gmt":"2015-07-25T15:56:27","guid":{"rendered":"http:\/\/lindevangen.dk\/?page_id=354"},"modified":"2015-08-11T15:34:26","modified_gmt":"2015-08-11T13:34:26","slug":"historie","status":"publish","type":"page","link":"https:\/\/www.lindevangen.dk\/?page_id=354","title":{"rendered":"Historie"},"content":{"rendered":"<p>Lindevangen hed Lindevangshjemmet, da det blev bygget i 1877. Initiativet kom fra Regitze Barner, som var direktrice for F\u00e6ngselsselskabet, hvis form\u00e5l det var at bes\u00f8ge indsatte og p\u00e5virke dem kristeligt. M\u00e5let med Lindevangshjemmet var, at kvindelige fanger efter l\u00f8sladelsen kunne opholde sig her og l\u00e6re husgerning, s\u00e5 de blev rustet til en tilv\u00e6relse uden kriminalitet.<\/p>\n<p>Siden fungerede stedet som et hjem for unge piger, der var kommet i vanskeligheder. I 1966 blev pigehjemmet nedlagt, da man mente, at dets arbejde blev overfl\u00f8digt, fordi det offentlige overtog opgaverne.<\/p>\n<p>I 1970 lejede KFUKs\u00a0Sociale Arbejde det store hus \u2013 med st\u00f8tte fra Socialministeriet, som ydede et tilskud til lejen. KFUKs Sociale Arbejde k\u00f8bte nogle \u00e5r senere huset, som de stadig ejer. Ved overtagelsen i 1970 var huset fuldt m\u00f8bleret, men havde v\u00e6ret lukket og forladt i fire \u00e5r. Renoveringen og indretningen til et herberg for hjeml\u00f8se blev gjort muligt af mange frivilliges store indsats.<\/p>\n<p>Helt fra herbergets start boede m\u00e6nd og kvinder d\u00f8r om d\u00f8r, hvilket p\u00e5 den tid var us\u00e6dvanligt. Gennem sin lange historie har herberget Lindevangen givet langt over tusind mennesker et midlertidigt sted at bo \u2013\u00a0og hjulpet mange af dem godt videre i livet.<\/p>\n<p>Hvis v\u00e6ggene kunne tale, ville de fort\u00e6lle mange fantastiske historier om menneskelige sk\u00e6bner, kampe og sejre.<\/p>\n","protected":false},"excerpt":{"rendered":"<p>Lindevangen hed Lindevangshjemmet, da det blev bygget i 1877. Initiativet kom fra Regitze Barner, som var direktrice for F\u00e6ngselsselskabet, hvis form\u00e5l det var at bes\u00f8ge indsatte og p\u00e5virke dem kristeligt. M\u00e5let med Lindevangshjemmet var, at kvindelige fanger efter l\u00f8sladelsen kunne&hellip;<\/p>\n","protected":false},"author":3,"featured_media":0,"parent":346,"menu_order":4,"comment_status":"open","ping_status":"open","template":"","meta":{"footnotes":""},"class_list":["post-354","page","type-page","status-publish","hentry"],"_links":{"self":[{"href":"https:\/\/www.lindevangen.dk\/index.php?rest_route=\/wp\/v2\/pages\/354","targetHints":{"allow":["GET"]}}],"collection":[{"href":"https:\/\/www.lindevangen.dk\/index.php?rest_route=\/wp\/v2\/pages"}],"about":[{"href":"https:\/\/www.lindevangen.dk\/index.php?rest_route=\/wp\/v2\/types\/page"}],"author":[{"embeddable":true,"href":"https:\/\/www.lindevangen.dk\/index.php?rest_route=\/wp\/v2\/users\/3"}],"replies":[{"embeddable":true,"href":"https:\/\/www.lindevangen.dk\/index.php?rest_route=%2Fwp%2Fv2%2Fcomments&post=354"}],"version-history":[{"count":2,"href":"https:\/\/www.lindevangen.dk\/index.php?rest_route=\/wp\/v2\/pages\/354\/revisions"}],"predecessor-version":[{"id":403,"href":"https:\/\/www.lindevangen.dk\/index.php?rest_route=\/wp\/v2\/pages\/354\/revisions\/403"}],"up":[{"embeddable":true,"href":"https:\/\/www.lindevangen.dk\/index.php?rest_route=\/wp\/v2\/pages\/346"}],"wp:attachment":[{"href":"https:\/\/www.lindevangen.dk\/index.php?rest_route=%2Fwp%2Fv2%2Fmedia&parent=354"}],"curies":[{"name":"wp","href":"https:\/\/api.w.org\/{rel}","templated":true}]}}