{"id":352,"date":"2015-07-25T17:55:06","date_gmt":"2015-07-25T15:55:06","guid":{"rendered":"http:\/\/lindevangen.dk\/?page_id=352"},"modified":"2026-03-02T11:08:52","modified_gmt":"2026-03-02T10:08:52","slug":"personale","status":"publish","type":"page","link":"https:\/\/www.lindevangen.dk\/?page_id=352","title":{"rendered":"Personale"},"content":{"rendered":"<div class=\"wpb-content-wrapper\">[vc_row][vc_column][vc_column_text]Lindevangen har cirka 20 medarbejdere og 7 vikarer.<\/p>\n<p>Du kan ringe til Lindevangen p\u00e5 telefon <strong>38 86 40 61<\/strong> eller sende <strong>sikker e-mail<\/strong> til denne adresse <strong><a href=\"mailto:sikkermail@lindevangen.dk\" target=\"_blank\" rel=\"noopener noreferrer\">sikkermail@lindevangen.dk<\/a><\/strong><\/p>\n<p><strong><em>Medarbejdere p\u00e5 Herberget:<\/em><\/strong><\/p>\n<p>Alex, socialr\u00e5dgiver, <a href=\"mailto:alex@lindevangen.dk\">alex@lindevangen.dk<\/a><br \/>\nAnnette, leder, 38 16 02 21, <a href=\"mailto:annette.mainz@lindevangen.dk\" target=\"_blank\" rel=\"noopener noreferrer\">annette.mainz@lindevangen.dk<\/a><br \/>\nAnnie, socialr\u00e5dgiver, <a href=\"mailto:annie@lindevangen.dk\" target=\"_blank\" rel=\"noopener noreferrer\">annie@lindevangen.dk<\/a><br \/>\nBerit, bogholder, 38 16 02 25, <a href=\"mailto:berit@lindevangen.dk\" target=\"_blank\" rel=\"noopener noreferrer\">berit@lindevangen.dk<\/a><br \/>\nCharity, reng\u00f8ring<br \/>\nHenrik, nattevagt, <a href=\"mailto:henrik@lindevangen.dk\" target=\"_blank\" rel=\"noopener noreferrer\">henrik@lindevangen.dk<\/a><br \/>\nJette, administrativ medarbejder, <a href=\"mailto:jettew@lindevangen.dk\" target=\"_blank\" rel=\"noopener noreferrer\">jettew@lindevangen.dk<\/a><br \/>\nLars, p\u00e6dagog, <a href=\"mailto:lars@lindevangen.dk\" target=\"_blank\" rel=\"noopener noreferrer\">lars@lindevangen.dk<\/a><br \/>\nLisbeth, p\u00e6dagog, <a href=\"mailto:lisbeth@lindevangen.dk\" target=\"_blank\" rel=\"noopener noreferrer\">lisbeth@lindevangen.dk<\/a><br \/>\nMorten, ejendomsfunktion\u00e6r, 21 22 43 15, <a href=\"mortenb@laerkehoej.dk\" target=\"_blank\" rel=\"noopener noreferrer\">mortenb@laerkehoej.dk<\/a><br \/>\nPreben, nattevagt, <a href=\"mailto:preben@lindevangen.dk\" target=\"_blank\" rel=\"noopener noreferrer\">preben@lindevangen.dk<\/a><br \/>\nRasmus, p\u00e6dagog, <a href=\"mailto:rasmus@lindevangen.dk\" target=\"_blank\" rel=\"noopener noreferrer\">rasmus@lindevangen.dk<\/a><br \/>\nSarah, socialr\u00e5dgiver, <a href=\"mailto:sarahs@lindevangen.dk\" target=\"_blank\" rel=\"noopener noreferrer\">sarahs@lindevangen.dk<\/a><br \/>\nS\u00f8ren, forstander, 40 15 20 45, <a href=\"mailto:romar@lindevangen.dk\" target=\"_blank\" rel=\"noopener noreferrer\">romar@lindevangen.dk<\/a><br \/>\nTine, p\u00e6dagog, <a href=\"mailto:tines@lindevangen.dk\" target=\"_blank\" rel=\"noopener noreferrer\">tines@lindevangen.dk<\/a><\/p>\n<p><strong><em>Medarbejdere i Bost\u00f8tten:<\/em><\/strong><\/p>\n<p>Ida, socialr\u00e5dgiver i bost\u00f8tten, 26 11 14 71, <a href=\"mailto:ida@lindevangen.dk\" target=\"_blank\" rel=\"noopener noreferrer\">ida@lindevangen.dk<\/a><br \/>\nMarie, p\u00e6dagog i bost\u00f8tten, 28 11 05 67, <a href=\"mailto:marie@lindevangen.dk\" target=\"_blank\" rel=\"noopener noreferrer\">marie@lindevangen.dk<\/a><br \/>\nMax, p\u00e6dagog i bost\u00f8tten, 26 11 14 75, <a href=\"mailto:max@lindevangen.dk\" target=\"_blank\" rel=\"noopener noreferrer\">max@lindevangen.dk<\/a><br \/>\nSine, socialr\u00e5dgiver i bost\u00f8tten, 26 11 14 76, <a href=\"mailto:sine@lindevangen.dk\">sine@lindevangen.dk<\/a><br \/>\nYuna, p\u00e6dagog i bost\u00f8tten, 22 45 17 17, <a href=\"mailto:yuna@lindevangen.dk\">yuna@lindevangen.dk<\/a><\/p>\n<\/div>","protected":false},"excerpt":{"rendered":"<p>[vc_row][vc_column][vc_column_text]Lindevangen har cirka 20 medarbejdere og 7 vikarer. Du kan ringe til Lindevangen p\u00e5 telefon 38 86 40 61 eller sende sikker e-mail til denne adresse sikkermail@lindevangen.dk Medarbejdere p\u00e5 Herberget: Alex, socialr\u00e5dgiver, alex@lindevangen.dk Annette, leder, 38 16 02 21, annette.mainz@lindevangen.dk&hellip;<\/p>\n","protected":false},"author":3,"featured_media":0,"parent":346,"menu_order":3,"comment_status":"open","ping_status":"open","template":"","meta":{"footnotes":""},"class_list":["post-352","page","type-page","status-publish","hentry"],"_links":{"self":[{"href":"https:\/\/www.lindevangen.dk\/index.php?rest_route=\/wp\/v2\/pages\/352","targetHints":{"allow":["GET"]}}],"collection":[{"href":"https:\/\/www.lindevangen.dk\/index.php?rest_route=\/wp\/v2\/pages"}],"about":[{"href":"https:\/\/www.lindevangen.dk\/index.php?rest_route=\/wp\/v2\/types\/page"}],"author":[{"embeddable":true,"href":"https:\/\/www.lindevangen.dk\/index.php?rest_route=\/wp\/v2\/users\/3"}],"replies":[{"embeddable":true,"href":"https:\/\/www.lindevangen.dk\/index.php?rest_route=%2Fwp%2Fv2%2Fcomments&post=352"}],"version-history":[{"count":42,"href":"https:\/\/www.lindevangen.dk\/index.php?rest_route=\/wp\/v2\/pages\/352\/revisions"}],"predecessor-version":[{"id":28459,"href":"https:\/\/www.lindevangen.dk\/index.php?rest_route=\/wp\/v2\/pages\/352\/revisions\/28459"}],"up":[{"embeddable":true,"href":"https:\/\/www.lindevangen.dk\/index.php?rest_route=\/wp\/v2\/pages\/346"}],"wp:attachment":[{"href":"https:\/\/www.lindevangen.dk\/index.php?rest_route=%2Fwp%2Fv2%2Fmedia&parent=352"}],"curies":[{"name":"wp","href":"https:\/\/api.w.org\/{rel}","templated":true}]}}