{"id":350,"date":"2015-07-25T17:51:17","date_gmt":"2015-07-25T15:51:17","guid":{"rendered":"http:\/\/lindevangen.dk\/?page_id=350"},"modified":"2016-04-20T15:33:58","modified_gmt":"2016-04-20T13:33:58","slug":"ledelse","status":"publish","type":"page","link":"https:\/\/www.lindevangen.dk\/?page_id=350","title":{"rendered":"Ledelse"},"content":{"rendered":"<div class=\"wpb-content-wrapper\">[vc_row full_width=&#8221;&#8221; parallax=&#8221;&#8221; parallax_image=&#8221;&#8221; visibility=&#8221;&#8221; css_animation=&#8221;&#8221; center_row=&#8221;&#8221; typography_style=&#8221;&#8221; column_spacing=&#8221;&#8221; tablet_fullwidth_cols=&#8221;&#8221; bg_style=&#8221;&#8221; parallax_mobile=&#8221;&#8221; parallax_style=&#8221;&#8221; parallax_direction=&#8221;&#8221; video_bg=&#8221;&#8221; video_bg_overlay=&#8221;&#8221; border_style=&#8221;&#8221;][vc_column width=&#8221;1\/1&#8243; style=&#8221;&#8221; visibility=&#8221;&#8221; css_animation=&#8221;&#8221; typo_style=&#8221;&#8221; drop_shadow=&#8221;&#8221; bg_style=&#8221;&#8221; border_style=&#8221;&#8221;][vc_column_text]Herberget er tilknyttet Herbergerne p\u00e5 Frederiksberg (Den selvejende institution Lindevangen) sammen med herberget L\u00e6rkeh\u00f8j. De to herberger har en f\u00e6lles bestyrelse.<\/p>\n<p>L\u00e6s mere om <a href=\"http:\/\/herfred.dk\/\" target=\"_blank\">Herbergerne p\u00e5 Frederiksberg<\/a>.<\/p>\n<p>Lindevangens daglige leder:<br \/>\nAnnette Mainz: 38 16 02 21, <a href=\"mailto:annette.mainz@lindevangen.dk\" target=\"_blank\">annette.mainz@lindevangen.dk<\/a><\/p>\n<p>Herbergerne p\u00e5 Frederiksbergs forstander:<br \/>\nS\u00f8ren Romar: 40 15 20 45, <a href=\"mailto:romar@lindevangen.dk\" target=\"_blank\">romar@lindevangen.dk<\/a><\/p>\n<p>&nbsp;[\/vc_column_text][\/vc_column][\/vc_row]\n<\/div>","protected":false},"excerpt":{"rendered":"<p>[vc_row full_width=&#8221;&#8221; parallax=&#8221;&#8221; parallax_image=&#8221;&#8221; visibility=&#8221;&#8221; css_animation=&#8221;&#8221; center_row=&#8221;&#8221; typography_style=&#8221;&#8221; column_spacing=&#8221;&#8221; tablet_fullwidth_cols=&#8221;&#8221; bg_style=&#8221;&#8221; parallax_mobile=&#8221;&#8221; parallax_style=&#8221;&#8221; parallax_direction=&#8221;&#8221; video_bg=&#8221;&#8221; video_bg_overlay=&#8221;&#8221; border_style=&#8221;&#8221;][vc_column width=&#8221;1\/1&#8243; style=&#8221;&#8221; visibility=&#8221;&#8221; css_animation=&#8221;&#8221; typo_style=&#8221;&#8221; drop_shadow=&#8221;&#8221; bg_style=&#8221;&#8221; border_style=&#8221;&#8221;][vc_column_text]Herberget er tilknyttet Herbergerne p\u00e5 Frederiksberg (Den selvejende institution Lindevangen) sammen med herberget L\u00e6rkeh\u00f8j. De to&hellip;<\/p>\n","protected":false},"author":3,"featured_media":0,"parent":346,"menu_order":2,"comment_status":"open","ping_status":"open","template":"","meta":{"footnotes":""},"class_list":["post-350","page","type-page","status-publish","hentry"],"_links":{"self":[{"href":"https:\/\/www.lindevangen.dk\/index.php?rest_route=\/wp\/v2\/pages\/350","targetHints":{"allow":["GET"]}}],"collection":[{"href":"https:\/\/www.lindevangen.dk\/index.php?rest_route=\/wp\/v2\/pages"}],"about":[{"href":"https:\/\/www.lindevangen.dk\/index.php?rest_route=\/wp\/v2\/types\/page"}],"author":[{"embeddable":true,"href":"https:\/\/www.lindevangen.dk\/index.php?rest_route=\/wp\/v2\/users\/3"}],"replies":[{"embeddable":true,"href":"https:\/\/www.lindevangen.dk\/index.php?rest_route=%2Fwp%2Fv2%2Fcomments&post=350"}],"version-history":[{"count":3,"href":"https:\/\/www.lindevangen.dk\/index.php?rest_route=\/wp\/v2\/pages\/350\/revisions"}],"predecessor-version":[{"id":548,"href":"https:\/\/www.lindevangen.dk\/index.php?rest_route=\/wp\/v2\/pages\/350\/revisions\/548"}],"up":[{"embeddable":true,"href":"https:\/\/www.lindevangen.dk\/index.php?rest_route=\/wp\/v2\/pages\/346"}],"wp:attachment":[{"href":"https:\/\/www.lindevangen.dk\/index.php?rest_route=%2Fwp%2Fv2%2Fmedia&parent=350"}],"curies":[{"name":"wp","href":"https:\/\/api.w.org\/{rel}","templated":true}]}}