{"id":348,"date":"2015-07-25T17:47:23","date_gmt":"2015-07-25T15:47:23","guid":{"rendered":"http:\/\/lindevangen.dk\/?page_id=348"},"modified":"2015-08-11T15:28:40","modified_gmt":"2015-08-11T13:28:40","slug":"vaerdier-og-principper","status":"publish","type":"page","link":"https:\/\/www.lindevangen.dk\/?page_id=348","title":{"rendered":"V\u00e6rdier og principper"},"content":{"rendered":"<p>Lindevangen arbejder ud fra en l\u00f8sningsorienteret tilgang. Vi tror p\u00e5, at alle mennesker har ressourcer og kan skabe positive forandringer i deres liv med en helhedsorienteret st\u00f8tte samt et konstruktivt modspil.<\/p>\n<p>Metodisk arbejdes der med l\u00f8sningsorienterede samtaler. Vi har et respektfuldt samarbejde med afs\u00e6t i beboernes egne ressourcer og m\u00e5l. Vi l\u00e6gger mere v\u00e6gt p\u00e5 at tale konstruktivt om beboernes fremtidsmuligheder end om en eventuel problematisk forhistorie.<\/p>\n<p>P\u00e5 herberget har alle beboere en fast kontaktperson, som samarbejder med den enkelte beboer om at n\u00e5 de m\u00e5l, de sammen opstiller for opholdet. Ogs\u00e5 i det udg\u00e5ende arbejde i Bost\u00f8tten arbejder vi med faste kontaktpersoner.<\/p>\n","protected":false},"excerpt":{"rendered":"<p>Lindevangen arbejder ud fra en l\u00f8sningsorienteret tilgang. Vi tror p\u00e5, at alle mennesker har ressourcer og kan skabe positive forandringer i deres liv med en helhedsorienteret st\u00f8tte samt et konstruktivt modspil. Metodisk arbejdes der med l\u00f8sningsorienterede samtaler. Vi har et&hellip;<\/p>\n","protected":false},"author":3,"featured_media":0,"parent":346,"menu_order":1,"comment_status":"open","ping_status":"open","template":"","meta":{"footnotes":""},"class_list":["post-348","page","type-page","status-publish","hentry"],"_links":{"self":[{"href":"https:\/\/www.lindevangen.dk\/index.php?rest_route=\/wp\/v2\/pages\/348","targetHints":{"allow":["GET"]}}],"collection":[{"href":"https:\/\/www.lindevangen.dk\/index.php?rest_route=\/wp\/v2\/pages"}],"about":[{"href":"https:\/\/www.lindevangen.dk\/index.php?rest_route=\/wp\/v2\/types\/page"}],"author":[{"embeddable":true,"href":"https:\/\/www.lindevangen.dk\/index.php?rest_route=\/wp\/v2\/users\/3"}],"replies":[{"embeddable":true,"href":"https:\/\/www.lindevangen.dk\/index.php?rest_route=%2Fwp%2Fv2%2Fcomments&post=348"}],"version-history":[{"count":1,"href":"https:\/\/www.lindevangen.dk\/index.php?rest_route=\/wp\/v2\/pages\/348\/revisions"}],"predecessor-version":[{"id":349,"href":"https:\/\/www.lindevangen.dk\/index.php?rest_route=\/wp\/v2\/pages\/348\/revisions\/349"}],"up":[{"embeddable":true,"href":"https:\/\/www.lindevangen.dk\/index.php?rest_route=\/wp\/v2\/pages\/346"}],"wp:attachment":[{"href":"https:\/\/www.lindevangen.dk\/index.php?rest_route=%2Fwp%2Fv2%2Fmedia&parent=348"}],"curies":[{"name":"wp","href":"https:\/\/api.w.org\/{rel}","templated":true}]}}