{"id":334,"date":"2015-07-25T17:14:24","date_gmt":"2015-07-25T15:14:24","guid":{"rendered":"http:\/\/lindevangen.dk\/?page_id=334"},"modified":"2023-11-14T13:59:03","modified_gmt":"2023-11-14T12:59:03","slug":"saadan-kan-du-faa-hjaelp","status":"publish","type":"page","link":"https:\/\/www.lindevangen.dk\/?page_id=334","title":{"rendered":"S\u00e5dan kan du f\u00e5 hj\u00e6lp"},"content":{"rendered":"<div class=\"wpb-content-wrapper\">[vc_row full_width=&#8221;&#8221; parallax=&#8221;&#8221; parallax_image=&#8221;&#8221; visibility=&#8221;&#8221; css_animation=&#8221;&#8221; center_row=&#8221;&#8221; typography_style=&#8221;&#8221; column_spacing=&#8221;&#8221; tablet_fullwidth_cols=&#8221;&#8221; bg_style=&#8221;&#8221; parallax_mobile=&#8221;&#8221; parallax_style=&#8221;&#8221; parallax_direction=&#8221;&#8221; video_bg=&#8221;&#8221; video_bg_overlay=&#8221;&#8221; border_style=&#8221;&#8221;][vc_column width=&#8221;1\/1&#8243; style=&#8221;&#8221; visibility=&#8221;&#8221; css_animation=&#8221;&#8221; typo_style=&#8221;&#8221; drop_shadow=&#8221;&#8221; bg_style=&#8221;&#8221; border_style=&#8221;&#8221;][vc_column_text]Bost\u00f8tten kan yde st\u00f8tte til dig, der p\u00e5 vej ud i egen bolig eller bor i egen lejlighed.<\/p>\n<p>Du har mulighed for at f\u00e5 bost\u00f8tte i op til et \u00e5r efter, du har v\u00e6ret indskrevet p\u00e5 herberget. Vi udfylder i samarbejde med dig et visitationsskema, hvor det beskrives, hvad du \u00f8nsker st\u00f8tte til. Efter en samtale med en medarbejder fra Bost\u00f8tten laver I en samarbejdsaftale, som beskriver dine st\u00f8ttebehov og m\u00e5let med indsatsen.<\/p>\n<p>Vi kan blandt andet hj\u00e6lpe med:<\/p>\n<ul>\n<li>kontakten til diverse instanser<\/li>\n<li>praktiske g\u00f8rem\u00e5l i og uden for hjemmet<\/li>\n<li>r\u00e5dgivning om \u00f8konomiske sp\u00f8rgsm\u00e5l.<\/li>\n<\/ul>\n<p>Vi fors\u00f8ger ogs\u00e5 at koordinere med de samarbejdspartnere, der er omkring dig. Det kan v\u00e6re i forhold til besk\u00e6ftigelse\/uddannelse, sundhedstilbud eller din kommunale sagsbehandler.[\/vc_column_text][\/vc_column][\/vc_row]\n<\/div>","protected":false},"excerpt":{"rendered":"<p>[vc_row full_width=&#8221;&#8221; parallax=&#8221;&#8221; parallax_image=&#8221;&#8221; visibility=&#8221;&#8221; css_animation=&#8221;&#8221; center_row=&#8221;&#8221; typography_style=&#8221;&#8221; column_spacing=&#8221;&#8221; tablet_fullwidth_cols=&#8221;&#8221; bg_style=&#8221;&#8221; parallax_mobile=&#8221;&#8221; parallax_style=&#8221;&#8221; parallax_direction=&#8221;&#8221; video_bg=&#8221;&#8221; video_bg_overlay=&#8221;&#8221; border_style=&#8221;&#8221;][vc_column width=&#8221;1\/1&#8243; style=&#8221;&#8221; visibility=&#8221;&#8221; css_animation=&#8221;&#8221; typo_style=&#8221;&#8221; drop_shadow=&#8221;&#8221; bg_style=&#8221;&#8221; border_style=&#8221;&#8221;][vc_column_text]Bost\u00f8tten kan yde st\u00f8tte til dig, der p\u00e5 vej ud i egen bolig eller bor i&hellip;<\/p>\n","protected":false},"author":3,"featured_media":0,"parent":331,"menu_order":1,"comment_status":"open","ping_status":"open","template":"","meta":{"footnotes":""},"class_list":["post-334","page","type-page","status-publish","hentry"],"_links":{"self":[{"href":"https:\/\/www.lindevangen.dk\/index.php?rest_route=\/wp\/v2\/pages\/334","targetHints":{"allow":["GET"]}}],"collection":[{"href":"https:\/\/www.lindevangen.dk\/index.php?rest_route=\/wp\/v2\/pages"}],"about":[{"href":"https:\/\/www.lindevangen.dk\/index.php?rest_route=\/wp\/v2\/types\/page"}],"author":[{"embeddable":true,"href":"https:\/\/www.lindevangen.dk\/index.php?rest_route=\/wp\/v2\/users\/3"}],"replies":[{"embeddable":true,"href":"https:\/\/www.lindevangen.dk\/index.php?rest_route=%2Fwp%2Fv2%2Fcomments&post=334"}],"version-history":[{"count":6,"href":"https:\/\/www.lindevangen.dk\/index.php?rest_route=\/wp\/v2\/pages\/334\/revisions"}],"predecessor-version":[{"id":12088,"href":"https:\/\/www.lindevangen.dk\/index.php?rest_route=\/wp\/v2\/pages\/334\/revisions\/12088"}],"up":[{"embeddable":true,"href":"https:\/\/www.lindevangen.dk\/index.php?rest_route=\/wp\/v2\/pages\/331"}],"wp:attachment":[{"href":"https:\/\/www.lindevangen.dk\/index.php?rest_route=%2Fwp%2Fv2%2Fmedia&parent=334"}],"curies":[{"name":"wp","href":"https:\/\/api.w.org\/{rel}","templated":true}]}}